{"id":11,"date":"2022-06-22T12:27:07","date_gmt":"2022-06-22T10:27:07","guid":{"rendered":"http:\/\/mesgroupe.com\/?page_id=11"},"modified":"2022-06-30T13:23:21","modified_gmt":"2022-06-30T11:23:21","slug":"home","status":"publish","type":"page","link":"https:\/\/mesgroupe.com\/","title":{"rendered":"HOME"},"content":{"rendered":"\t\t<div data-elementor-type=\"wp-page\" data-elementor-id=\"11\" class=\"elementor elementor-11\">\n\t\t\t\t\t\t\t\t\t<section class=\"elementor-section elementor-top-section elementor-element elementor-element-3f70acf9 elementor-section-boxed elementor-section-height-default elementor-section-height-default\" data-id=\"3f70acf9\" data-element_type=\"section\">\n\t\t\t\t\t\t<div class=\"elementor-container elementor-column-gap-default\">\n\t\t\t\t\t<div class=\"elementor-column elementor-col-100 elementor-top-column elementor-element elementor-element-299eb0d\" data-id=\"299eb0d\" data-element_type=\"column\">\n\t\t\t<div class=\"elementor-widget-wrap elementor-element-populated\">\n\t\t\t\t\t\t\t\t<div class=\"elementor-element elementor-element-4212b4f1 elementor-widget elementor-widget-text-editor\" data-id=\"4212b4f1\" data-element_type=\"widget\" data-widget_type=\"text-editor.default\">\n\t\t\t\t<div class=\"elementor-widget-container\">\n\t\t\t<style>\/*! elementor - v3.6.7 - 03-07-2022 *\/\n.elementor-widget-text-editor.elementor-drop-cap-view-stacked .elementor-drop-cap{background-color:#818a91;color:#fff}.elementor-widget-text-editor.elementor-drop-cap-view-framed .elementor-drop-cap{color:#818a91;border:3px solid;background-color:transparent}.elementor-widget-text-editor:not(.elementor-drop-cap-view-default) .elementor-drop-cap{margin-top:8px}.elementor-widget-text-editor:not(.elementor-drop-cap-view-default) .elementor-drop-cap-letter{width:1em;height:1em}.elementor-widget-text-editor .elementor-drop-cap{float:left;text-align:center;line-height:1;font-size:50px}.elementor-widget-text-editor .elementor-drop-cap-letter{display:inline-block}<\/style>\t\t\t\t<p><!-- wp:paragraph {\"textColor\":\"black\",\"fontSize\":\"medium\"} --><\/p>\n<h4>Un de nos experts vous accompagnera de l\u2019expression de votre id\u00e9e \u00e0 la d\u00e9livrance du projet final vou\u00e9 au succ\u00e8s, votre succ\u00e8s.<\/h4>\n<p><!-- \/wp:paragraph --><\/p>\n<p><!-- wp:paragraph {\"textColor\":\"black\",\"fontSize\":\"medium\"} --><\/p>\n<p>Chez MES GROUPE, optez pour l\u2019exp\u00e9rience dans diff\u00e9rents domaines : la science et la technologie, le domaine m\u00e9dical et param\u00e9dical&#8230; ainsi que dans le domaine de l\u2019art et la culture.<\/p>\n<p><strong>Expert dans ses domaines, MES Groupe est l\u00e0 pour vous permettre, vous-m\u00eame ou vos collaborateurs, de dresser un bilan, de prendre des d\u00e9cisions et d\u2019\u00e9laborer un plan d\u2019action pour optimiser votre efficacit\u00e9 et votre projet professionel . Notre d\u00e9marche repose sur les meilleures pratiques du bilan de proc\u00e9d\u00e9s et une approche dynamique de la gestion de projet qui privil\u00e9gie la qualit\u00e9 du r\u00e9sultat.<br><\/strong><\/p>\n<p><strong>En accord avec votre entreprise ou en toute confidentialit\u00e9, rencontrez un de nos gestionnaires, expert en gestion de projet. <\/strong><\/p>\n<div id=\"lipsum\">\n<p>\nLorem ipsum dolor sit amet, consectetur adipiscing elit. Pellentesque \nsodales placerat sem, eget interdum neque malesuada in. Nulla finibus \norci vitae egestas aliquet. Morbi nec felis tellus. Nunc mattis erat ac \nnibh feugiat, id iaculis nisi eleifend. In efficitur arcu ut odio \nconsectetur pulvinar. Nullam et elit turpis. Vestibulum sit amet posuere\n erat. Curabitur quis accumsan diam. Aliquam volutpat lorem et ligula \ntempus, quis ultricies eros venenatis. Duis facilisis erat urna, quis \nfacilisis tellus eleifend non.\n<\/p>\n<p>\nMauris hendrerit aliquam nisi vel posuere. Pellentesque feugiat odio id \naugue ullamcorper, vitae vulputate quam efficitur. Pellentesque lacinia \nvestibulum mi, ac aliquam augue vestibulum sit amet. Curabitur rutrum \nest sit amet diam dictum, quis tincidunt tortor luctus. Quisque porta \neros vitae pellentesque facilisis. Duis feugiat nec augue pellentesque \ngravida. Morbi lobortis massa nec molestie consequat. Cras dignissim \ntristique rhoncus. Cras non ultricies nulla. Praesent consequat \nsollicitudin orci, sed mollis odio semper laoreet.\n<\/p>\n<p>\nNunc ultrices hendrerit orci eget semper. Duis et enim eleifend, auctor \nipsum nec, tristique lorem. Mauris vulputate dapibus rhoncus. Nulla \nfacilisi. Orci varius natoque penatibus et magnis dis parturient montes,\n nascetur ridiculus mus. Aenean in nunc sit amet felis pharetra laoreet.\n Quisque porta sit amet odio ac semper. Nunc mollis, augue sit amet \nporttitor condimentum, arcu neque semper metus, quis tincidunt nibh \ntortor sit amet sapien. Integer varius tincidunt lectus sit amet tempor.\n Nunc euismod lacus vel maximus condimentum. Integer condimentum purus \nac risus pharetra, ullamcorper egestas erat faucibus. Nulla facilisi.\n<\/p>\n<p>\nNunc gravida vestibulum nunc, et maximus ex tempor eu. Curabitur ipsum \nante, auctor a auctor eget, pretium vel enim. Ut ultricies rutrum risus \neget posuere. In sapien arcu, semper a dolor sit amet, molestie \nconvallis magna. Suspendisse potenti. Etiam a arcu a purus condimentum \nsollicitudin. Morbi ultricies quis sapien id consectetur.\n<\/p>\n<p>\nPhasellus eu massa facilisis ligula egestas malesuada. Nunc maximus non \nlectus sit amet mollis. Phasellus sagittis bibendum nisi, egestas \neleifend magna consequat nec. Suspendisse potenti. Duis vel erat quis \ndui ornare luctus eu nec turpis. Suspendisse nec est at lorem egestas \nplacerat. Nam quis urna eros. Vivamus vestibulum sapien sit amet \nvestibulum vehicula. Sed congue nibh sit amet ultrices bibendum. Ut vel \nneque eget ipsum tempus molestie vel vitae diam. Ut fringilla eget est \nsed porttitor. Fusce aliquet nisl ac elit fringilla congue.\n<\/p><\/div><p><strong>&nbsp;<\/strong><\/p>\n<p><\/p>\n<p><!-- \/wp:paragraph --><\/p>\t\t\t\t\t\t<\/div>\n\t\t\t\t<\/div>\n\t\t\t\t\t<\/div>\n\t\t<\/div>\n\t\t\t\t\t\t\t<\/div>\n\t\t<\/section>\n\t\t\t\t\t\t\t<\/div>\n\t\t","protected":false},"excerpt":{"rendered":"<p>Un de nos experts vous accompagnera de l\u2019expression de votre id\u00e9e \u00e0 la d\u00e9livrance du projet final vou\u00e9 au succ\u00e8s, votre succ\u00e8s. Chez MES GROUPE, optez pour l\u2019exp\u00e9rience dans diff\u00e9rents domaines : la science et la technologie, le domaine m\u00e9dical et param\u00e9dical&#8230; ainsi que dans le domaine de l\u2019art et la culture. Expert dans ses&hellip;<\/p>\n<p class=\"more-link\"><a href=\"https:\/\/mesgroupe.com\/\" class=\"themebutton2\">Read More<\/a><\/p>\n","protected":false},"author":2,"featured_media":0,"parent":0,"menu_order":0,"comment_status":"closed","ping_status":"closed","template":"","meta":{"footnotes":""},"class_list":["post-11","page","type-page","status-publish","hentry"],"_links":{"self":[{"href":"https:\/\/mesgroupe.com\/index.php\/wp-json\/wp\/v2\/pages\/11","targetHints":{"allow":["GET"]}}],"collection":[{"href":"https:\/\/mesgroupe.com\/index.php\/wp-json\/wp\/v2\/pages"}],"about":[{"href":"https:\/\/mesgroupe.com\/index.php\/wp-json\/wp\/v2\/types\/page"}],"author":[{"embeddable":true,"href":"https:\/\/mesgroupe.com\/index.php\/wp-json\/wp\/v2\/users\/2"}],"replies":[{"embeddable":true,"href":"https:\/\/mesgroupe.com\/index.php\/wp-json\/wp\/v2\/comments?post=11"}],"version-history":[{"count":22,"href":"https:\/\/mesgroupe.com\/index.php\/wp-json\/wp\/v2\/pages\/11\/revisions"}],"predecessor-version":[{"id":415,"href":"https:\/\/mesgroupe.com\/index.php\/wp-json\/wp\/v2\/pages\/11\/revisions\/415"}],"wp:attachment":[{"href":"https:\/\/mesgroupe.com\/index.php\/wp-json\/wp\/v2\/media?parent=11"}],"curies":[{"name":"wp","href":"https:\/\/api.w.org\/{rel}","templated":true}]}}